{"id":37,"date":"2025-03-11T05:35:55","date_gmt":"2025-03-11T05:35:55","guid":{"rendered":"https:\/\/bts6.louisst.o2switch.site\/WP-Minou\/?page_id=37"},"modified":"2025-03-19T11:37:48","modified_gmt":"2025-03-19T11:37:48","slug":"les-cours","status":"publish","type":"page","link":"https:\/\/bts6.louisst.o2switch.site\/WP-Minou\/minous-surf-school\/les-cours\/","title":{"rendered":"Les cours"},"content":{"rendered":"\n<p>Les locaux de l\u2019\u00e9cole sont situ\u00e9s \u00e0 la plage de Porsmilin \u00e0 Locmaria-Plouzan\u00e9, un accueil hebdomadaire existe en juillet\/ao\u00fbt, le reste de l\u2019ann\u00e9e les renseignements se font au 06.89.07.75.71 ou par\u00a0contact).<\/p>\n\n\n\n<h3 class=\"wp-block-heading has-text-align-center\"><br>LES TARIFS<\/h3>\n\n\n\n<div class=\"wp-block-uagb-container uagb-block-bb49ca79 alignfull uagb-is-root-container\"><div class=\"uagb-container-inner-blocks-wrap\">\n<div class=\"wp-block-uagb-advanced-heading uagb-block-d95b8644\"><h4 class=\"uagb-heading-text\">&nbsp;<strong>Cours Collectifs<\/strong><\/h4><\/div>\n\n\n\n<p class=\"has-text-align-center\">Dur\u00e9e: 2h <\/p>\n\n\n\n<p class=\"has-text-align-center\" style=\"margin-top:0;margin-bottom:0\">1 s\u00e9ance<strong>&nbsp;40 \u20ac<\/strong><br>3 s\u00e9ances<strong>&nbsp;110 \u20ac<\/strong><br>4 s\u00e9ances<strong>&nbsp;140 \u20ac<\/strong><br>5 s\u00e9ances<strong>&nbsp;160 \u20ac<\/strong><br>10 s\u00e9ances (stage intensif 2*2h par jour)<strong>&nbsp;300 \u20ac<\/strong><br><br>Cours de 2h, pr\u00eat de la combinaison et de la planche, valables 1 an, vacances scolaires et toute l\u2019ann\u00e9e, 8 \u00e9l\u00e8ves maximum par moniteur, formule nominativeConseils de la MSS avant de venir en cours : pr\u00e9voyez des chaussons de surf avec une semelle semi rigide dans l\u2019id\u00e9al, pensez \u00e0 mettre de la cr\u00e8me solaire (stick solaire le mieux), soyez en forme et buvez de l\u2019eau afin de limiter les crampes<\/p>\n\n\n\n<p>Cours au Trimestre<\/p>\n\n\n\n<p>Conseils de la MSS avant de venir en cours : pr\u00e9voyez des chaussons de surf avec une semelle semi rigide dans l\u2019id\u00e9al (gants et cagoule pour ceux et celles qui surferont l\u2019hiver : novembre \u00e0 mars, pensez \u00e0 mettre de la cr\u00e8me solaire (stick solaire le mieux), soyez en forme et buvez de l\u2019eau afin de limiter les crampes)<\/p>\n<\/div><\/div>\n\n\n\n<div class=\"wp-block-uagb-container uagb-block-32ca5af0 alignfull uagb-is-root-container\"><div class=\"uagb-container-inner-blocks-wrap\">\n<div class=\"wp-block-uagb-container uagb-block-3fc188cd\">\n<h4 class=\"wp-block-heading has-text-align-center\">Formule Trimestre<\/h4>\n\n\n\n<p>Cours de 1H30 \/ 2h suivant les temp\u00e9ratures et les conditions m\u00e9t\u00e9os entre novembre et mars \u2013 formule valable 3 mois et nominatif.<br>Possibilit\u00e9 de venir plusieurs fois par semaine<\/p>\n\n\n\n<div class=\"wp-block-uagb-image uagb-block-a9eb3f68 wp-block-uagb-image--layout-default wp-block-uagb-image--effect-static wp-block-uagb-image--align-none\"><figure class=\"wp-block-uagb-image__figure\"><img decoding=\"async\" srcset=\"https:\/\/bts6.louisst.o2switch.site\/WP-Minou\/wp-content\/uploads\/2025\/03\/divider.png ,https:\/\/bts6.louisst.o2switch.site\/WP-Minou\/wp-content\/uploads\/2025\/03\/divider.png 780w, https:\/\/bts6.louisst.o2switch.site\/WP-Minou\/wp-content\/uploads\/2025\/03\/divider.png 360w\" sizes=\"auto, (max-width: 480px) 150px\" src=\"https:\/\/bts6.louisst.o2switch.site\/WP-Minou\/wp-content\/uploads\/2025\/03\/divider.png\" alt=\"\" class=\"uag-image-202\" width=\"183\" height=\"40\" title=\"divider\" loading=\"lazy\" role=\"img\"\/><\/figure><\/div>\n\n\n\n<p>8 s\u00e9ances<strong>&nbsp;185 \u20ac<\/strong><br>12 s\u00e9ances<strong>&nbsp;250 \u20ac<\/strong><\/p>\n<\/div>\n\n\n\n<div class=\"wp-block-uagb-container uagb-block-4bd1d51a\">\n<h4 class=\"wp-block-heading has-text-align-center\">Formule Cool Session<\/h4>\n\n\n\n<p>S\u00e9ance de 2h \u2013 Utilisez votre forfait \u00e0 votre rythme \u2013<br>formule valable 1 an<br>Formule nominative<\/p>\n\n\n\n<div class=\"wp-block-uagb-image uagb-block-05d7b321 wp-block-uagb-image--layout-default wp-block-uagb-image--effect-static wp-block-uagb-image--align-none\"><figure class=\"wp-block-uagb-image__figure\"><img decoding=\"async\" srcset=\"https:\/\/bts6.louisst.o2switch.site\/WP-Minou\/wp-content\/uploads\/2025\/03\/divider.png ,https:\/\/bts6.louisst.o2switch.site\/WP-Minou\/wp-content\/uploads\/2025\/03\/divider.png 780w, https:\/\/bts6.louisst.o2switch.site\/WP-Minou\/wp-content\/uploads\/2025\/03\/divider.png 360w\" sizes=\"auto, (max-width: 480px) 150px\" src=\"https:\/\/bts6.louisst.o2switch.site\/WP-Minou\/wp-content\/uploads\/2025\/03\/divider.png\" alt=\"\" class=\"uag-image-202\" width=\"183\" height=\"40\" title=\"divider\" loading=\"lazy\" role=\"img\"\/><\/figure><\/div>\n\n\n\n<p>8 s\u00e9ances<strong>&nbsp;200 \u20ac<\/strong><br>16 s\u00e9ances<strong>&nbsp;370 \u20ac<\/strong><br>30 s\u00e9ances<strong>&nbsp;600 \u20ac<\/strong><\/p>\n\n\n\n<p>R\u00e8glement possible en 2\/3 fois par ch\u00e8que pour les 16 et 30 s\u00e9ances.<\/p>\n<\/div>\n<\/div><\/div>\n\n\n\n<div class=\"wp-block-uagb-container uagb-block-6be6a1cf alignfull uagb-is-root-container\"><div class=\"uagb-container-inner-blocks-wrap\">\n<div class=\"wp-block-uagb-container uagb-block-8e03ac2d\">\n<h4 class=\"wp-block-heading has-text-align-center\">Coaching Adultes Centre de Perf<\/h4>\n\n\n\n<p>Dur\u00e9e 2\/4h suivant le choix de la plage, d\u00e9placement dans le Finist\u00e8re si besoin \u2013 Valable 1 an<\/p>\n\n\n\n<div class=\"wp-block-uagb-image uagb-block-cbef58fe wp-block-uagb-image--layout-default wp-block-uagb-image--effect-static wp-block-uagb-image--align-none\"><figure class=\"wp-block-uagb-image__figure\"><img decoding=\"async\" srcset=\"https:\/\/bts6.louisst.o2switch.site\/WP-Minou\/wp-content\/uploads\/2025\/03\/divider.png ,https:\/\/bts6.louisst.o2switch.site\/WP-Minou\/wp-content\/uploads\/2025\/03\/divider.png 780w, https:\/\/bts6.louisst.o2switch.site\/WP-Minou\/wp-content\/uploads\/2025\/03\/divider.png 360w\" sizes=\"auto, (max-width: 480px) 150px\" src=\"https:\/\/bts6.louisst.o2switch.site\/WP-Minou\/wp-content\/uploads\/2025\/03\/divider.png\" alt=\"\" class=\"uag-image-202\" width=\"183\" height=\"40\" title=\"divider\" loading=\"lazy\" role=\"img\"\/><\/figure><\/div>\n\n\n\n<p>12 s\u00e9ances&nbsp;<strong>300\u20ac<\/strong><\/p>\n\n\n\n<p>+270\u20ac si 2\u00e8me formule dans l\u2019ann\u00e9e<br>R\u00e8glement possible en 2\/3 fois par ch\u00e8que)<\/p>\n\n\n\n<p>Session accompagn\u00e9e et film\u00e9e, d\u00e9briefing vid\u00e9o + envoi des vid\u00e9os par mail via we transfer, un montage vid\u00e9o du groupe en fin d\u2019ann\u00e9e, essence comprise dans le tarif si d\u00e9placement<\/p>\n<\/div>\n\n\n\n<div class=\"wp-block-uagb-container uagb-block-54a3b612\">\n<h4 class=\"wp-block-heading has-text-align-center\">Coaching ados (12\/18ans) Centre de Perf<\/h4>\n\n\n\n<p>Dur\u00e9e 2\/4h suivant le choix de la plage, d\u00e9placement dans le Finist\u00e8re si besoin \u2013 Valable 1 an<\/p>\n\n\n\n<div class=\"wp-block-uagb-image uagb-block-d00fe0a2 wp-block-uagb-image--layout-default wp-block-uagb-image--effect-static wp-block-uagb-image--align-none\"><figure class=\"wp-block-uagb-image__figure\"><img decoding=\"async\" srcset=\"https:\/\/bts6.louisst.o2switch.site\/WP-Minou\/wp-content\/uploads\/2025\/03\/divider.png ,https:\/\/bts6.louisst.o2switch.site\/WP-Minou\/wp-content\/uploads\/2025\/03\/divider.png 780w, https:\/\/bts6.louisst.o2switch.site\/WP-Minou\/wp-content\/uploads\/2025\/03\/divider.png 360w\" sizes=\"auto, (max-width: 480px) 150px\" src=\"https:\/\/bts6.louisst.o2switch.site\/WP-Minou\/wp-content\/uploads\/2025\/03\/divider.png\" alt=\"\" class=\"uag-image-202\" width=\"183\" height=\"40\" title=\"divider\" loading=\"lazy\" role=\"img\"\/><\/figure><\/div>\n\n\n\n<p>12 s\u00e9ances&nbsp;<strong>300\u20ac<\/strong><\/p>\n\n\n\n<p>+270\u20ac si 2\u00e8me formule dans l\u2019ann\u00e9e<br>R\u00e8glement possible en 2\/3 fois par ch\u00e8que<\/p>\n\n\n\n<p>Session accompagn\u00e9e et film\u00e9e, d\u00e9briefing vid\u00e9o + envoi des vid\u00e9os par mail via we transfer, un montage vid\u00e9o du groupe en fin d\u2019ann\u00e9e, essence comprise dans le tarif si d\u00e9placement<\/p>\n<\/div>\n<\/div><\/div>\n\n\n\n<div class=\"wp-block-uagb-container uagb-block-3104d0a0 alignfull uagb-is-root-container\"><div class=\"uagb-container-inner-blocks-wrap\">\n<h3 class=\"wp-block-heading has-text-align-center\"><strong>Formule Groupes, CE, Clubs sportifs, Colos, Anniversaire, Enterrement de vie de gar\u00e7on\/jeune fille<\/strong><\/h3>\n\n\n\n<p>Groupe de personnes sup\u00e9rieur ou \u00e9gal \u00e0 8<br>Renseignements par\u00a0mail\u00a0ou au\u00a0<strong>06 89 07 75 71<\/strong><\/p>\n<\/div><\/div>\n","protected":false},"excerpt":{"rendered":"<p>Les locaux de l\u2019\u00e9cole sont situ\u00e9s \u00e0 la plage de Porsmilin \u00e0 Locmaria-Plouzan\u00e9, un accueil hebdomadaire existe en juillet\/ao\u00fbt, le [&hellip;]<\/p>\n","protected":false},"author":1,"featured_media":0,"parent":183,"menu_order":0,"comment_status":"closed","ping_status":"closed","template":"","meta":{"_uag_custom_page_level_css":"","site-sidebar-layout":"default","site-content-layout":"","ast-site-content-layout":"","site-content-style":"default","site-sidebar-style":"default","ast-global-header-display":"","ast-banner-title-visibility":"","ast-main-header-display":"","ast-hfb-above-header-display":"","ast-hfb-below-header-display":"","ast-hfb-mobile-header-display":"","site-post-title":"","ast-breadcrumbs-content":"","ast-featured-img":"","footer-sml-layout":"","theme-transparent-header-meta":"","adv-header-id-meta":"","stick-header-meta":"","header-above-stick-meta":"","header-main-stick-meta":"","header-below-stick-meta":"","astra-migrate-meta-layouts":"default","ast-page-background-enabled":"default","ast-page-background-meta":{"desktop":{"background-color":"var(--ast-global-color-5)","background-image":"","background-repeat":"repeat","background-position":"center center","background-size":"auto","background-attachment":"scroll","background-type":"","background-media":"","overlay-type":"","overlay-color":"","overlay-opacity":"","overlay-gradient":""},"tablet":{"background-color":"","background-image":"","background-repeat":"repeat","background-position":"center center","background-size":"auto","background-attachment":"scroll","background-type":"","background-media":"","overlay-type":"","overlay-color":"","overlay-opacity":"","overlay-gradient":""},"mobile":{"background-color":"","background-image":"","background-repeat":"repeat","background-position":"center center","background-size":"auto","background-attachment":"scroll","background-type":"","background-media":"","overlay-type":"","overlay-color":"","overlay-opacity":"","overlay-gradient":""}},"ast-content-background-meta":{"desktop":{"background-color":"var(--ast-global-color-4)","background-image":"","background-repeat":"repeat","background-position":"center center","background-size":"auto","background-attachment":"scroll","background-type":"","background-media":"","overlay-type":"","overlay-color":"","overlay-opacity":"","overlay-gradient":""},"tablet":{"background-color":"var(--ast-global-color-4)","background-image":"","background-repeat":"repeat","background-position":"center center","background-size":"auto","background-attachment":"scroll","background-type":"","background-media":"","overlay-type":"","overlay-color":"","overlay-opacity":"","overlay-gradient":""},"mobile":{"background-color":"var(--ast-global-color-4)","background-image":"","background-repeat":"repeat","background-position":"center center","background-size":"auto","background-attachment":"scroll","background-type":"","background-media":"","overlay-type":"","overlay-color":"","overlay-opacity":"","overlay-gradient":""}},"footnotes":""},"class_list":["post-37","page","type-page","status-publish","hentry"],"uagb_featured_image_src":{"full":false,"thumbnail":false,"medium":false,"medium_large":false,"large":false,"1536x1536":false,"2048x2048":false},"uagb_author_info":{"display_name":"etudiant","author_link":"https:\/\/bts6.louisst.o2switch.site\/WP-Minou\/author\/etudiant\/"},"uagb_comment_info":0,"uagb_excerpt":"Les locaux de l\u2019\u00e9cole sont situ\u00e9s \u00e0 la plage de Porsmilin \u00e0 Locmaria-Plouzan\u00e9, un accueil hebdomadaire existe en juillet\/ao\u00fbt, le [&hellip;]","_links":{"self":[{"href":"https:\/\/bts6.louisst.o2switch.site\/WP-Minou\/wp-json\/wp\/v2\/pages\/37","targetHints":{"allow":["GET"]}}],"collection":[{"href":"https:\/\/bts6.louisst.o2switch.site\/WP-Minou\/wp-json\/wp\/v2\/pages"}],"about":[{"href":"https:\/\/bts6.louisst.o2switch.site\/WP-Minou\/wp-json\/wp\/v2\/types\/page"}],"author":[{"embeddable":true,"href":"https:\/\/bts6.louisst.o2switch.site\/WP-Minou\/wp-json\/wp\/v2\/users\/1"}],"replies":[{"embeddable":true,"href":"https:\/\/bts6.louisst.o2switch.site\/WP-Minou\/wp-json\/wp\/v2\/comments?post=37"}],"version-history":[{"count":9,"href":"https:\/\/bts6.louisst.o2switch.site\/WP-Minou\/wp-json\/wp\/v2\/pages\/37\/revisions"}],"predecessor-version":[{"id":205,"href":"https:\/\/bts6.louisst.o2switch.site\/WP-Minou\/wp-json\/wp\/v2\/pages\/37\/revisions\/205"}],"up":[{"embeddable":true,"href":"https:\/\/bts6.louisst.o2switch.site\/WP-Minou\/wp-json\/wp\/v2\/pages\/183"}],"wp:attachment":[{"href":"https:\/\/bts6.louisst.o2switch.site\/WP-Minou\/wp-json\/wp\/v2\/media?parent=37"}],"curies":[{"name":"wp","href":"https:\/\/api.w.org\/{rel}","templated":true}]}}