{"id":36,"date":"2025-03-11T05:35:55","date_gmt":"2025-03-11T05:35:55","guid":{"rendered":"https:\/\/bts6.louisst.o2switch.site\/WP-Minou\/?page_id=36"},"modified":"2025-03-23T07:43:16","modified_gmt":"2025-03-23T07:43:16","slug":"le-club","status":"publish","type":"page","link":"https:\/\/bts6.louisst.o2switch.site\/WP-Minou\/minous-surf-school\/le-club\/","title":{"rendered":"Adh\u00e9sion"},"content":{"rendered":"\n<div class=\"wp-block-uagb-container uagb-block-b06b9c9a alignfull uagb-is-root-container\"><div class=\"uagb-container-inner-blocks-wrap\">\n<p style=\"margin-top:0;margin-bottom:0\">La nouvelle saison reprend, le bulletin d\u2019adh\u00e9sion est \u00e0 retrouver ci-dessous.<\/p>\n\n\n\n<p style=\"margin-top:0;margin-bottom:0\">Cette ann\u00e9e toujours 3 licences de disponibles au club&nbsp;<\/p>\n\n\n\n<ul class=\"wp-block-list\">\n<li>La licence loisir (35\u20ac): cette adh\u00e9sion vous permet de faire partie du club en \u00e9tant licenci\u00e9 \u00e0 la F\u00e9d\u00e9ration Fran\u00e7aise de Surf et en ayant une assurance d\u00e9di\u00e9e \u00e0 la pratique.<\/li>\n\n\n\n<li>La licence comp\u00e9tition (45\u20ac) : cette adh\u00e9sion vous permet de faire partie du club en \u00e9tant licenci\u00e9 \u00e0 la F\u00e9d\u00e9ration Fran\u00e7aise de Surf en ayant une assurance d\u00e9di\u00e9e \u00e0 la pratique et de pouvoir participer aux comp\u00e9titions f\u00e9d\u00e9rales.<\/li>\n\n\n\n<li>Membre sympathisant (10\u20ac): cette adh\u00e9sion vous permet de faire partie du club et l\u2019ensemble du montant de l\u2019adh\u00e9sion sert au bon fonctionnement du club. Elle ne contient ni assurance pour la pratique, ni adh\u00e9sion \u00e0 la FFS.<\/li>\n<\/ul>\n\n\n\n<p style=\"margin-top:0;margin-bottom:0\">Le dossier est \u00e0 retourner chez Julien:<\/p>\n\n\n\n<p>Julien LE S\u00c9HAN<br>8, route de Trenen 29280 Plouzan\u00e9<\/p>\n\n\n\n<p> route de Trenen 29280 Plouzan\u00e9<\/p>\n\n\n\n<p>\u00c0 bient\u00f4t et bon surf \u00e0 tous!!!<\/p>\n<\/div><\/div>\n","protected":false},"excerpt":{"rendered":"<p>La nouvelle saison reprend, le bulletin d\u2019adh\u00e9sion est \u00e0 retrouver ci-dessous. Cette ann\u00e9e toujours 3 licences de disponibles au club&nbsp; [&hellip;]<\/p>\n","protected":false},"author":1,"featured_media":0,"parent":183,"menu_order":0,"comment_status":"closed","ping_status":"closed","template":"","meta":{"_uag_custom_page_level_css":"","site-sidebar-layout":"default","site-content-layout":"","ast-site-content-layout":"","site-content-style":"default","site-sidebar-style":"default","ast-global-header-display":"","ast-banner-title-visibility":"","ast-main-header-display":"","ast-hfb-above-header-display":"","ast-hfb-below-header-display":"","ast-hfb-mobile-header-display":"","site-post-title":"","ast-breadcrumbs-content":"","ast-featured-img":"","footer-sml-layout":"","theme-transparent-header-meta":"","adv-header-id-meta":"","stick-header-meta":"","header-above-stick-meta":"","header-main-stick-meta":"","header-below-stick-meta":"","astra-migrate-meta-layouts":"default","ast-page-background-enabled":"default","ast-page-background-meta":{"desktop":{"background-color":"var(--ast-global-color-5)","background-image":"","background-repeat":"repeat","background-position":"center center","background-size":"auto","background-attachment":"scroll","background-type":"","background-media":"","overlay-type":"","overlay-color":"","overlay-opacity":"","overlay-gradient":""},"tablet":{"background-color":"","background-image":"","background-repeat":"repeat","background-position":"center center","background-size":"auto","background-attachment":"scroll","background-type":"","background-media":"","overlay-type":"","overlay-color":"","overlay-opacity":"","overlay-gradient":""},"mobile":{"background-color":"","background-image":"","background-repeat":"repeat","background-position":"center center","background-size":"auto","background-attachment":"scroll","background-type":"","background-media":"","overlay-type":"","overlay-color":"","overlay-opacity":"","overlay-gradient":""}},"ast-content-background-meta":{"desktop":{"background-color":"var(--ast-global-color-4)","background-image":"","background-repeat":"repeat","background-position":"center center","background-size":"auto","background-attachment":"scroll","background-type":"","background-media":"","overlay-type":"","overlay-color":"","overlay-opacity":"","overlay-gradient":""},"tablet":{"background-color":"var(--ast-global-color-4)","background-image":"","background-repeat":"repeat","background-position":"center center","background-size":"auto","background-attachment":"scroll","background-type":"","background-media":"","overlay-type":"","overlay-color":"","overlay-opacity":"","overlay-gradient":""},"mobile":{"background-color":"var(--ast-global-color-4)","background-image":"","background-repeat":"repeat","background-position":"center center","background-size":"auto","background-attachment":"scroll","background-type":"","background-media":"","overlay-type":"","overlay-color":"","overlay-opacity":"","overlay-gradient":""}},"footnotes":""},"class_list":["post-36","page","type-page","status-publish","hentry"],"uagb_featured_image_src":{"full":false,"thumbnail":false,"medium":false,"medium_large":false,"large":false,"1536x1536":false,"2048x2048":false},"uagb_author_info":{"display_name":"etudiant","author_link":"https:\/\/bts6.louisst.o2switch.site\/WP-Minou\/author\/etudiant\/"},"uagb_comment_info":0,"uagb_excerpt":"La nouvelle saison reprend, le bulletin d\u2019adh\u00e9sion est \u00e0 retrouver ci-dessous. Cette ann\u00e9e toujours 3 licences de disponibles au club&nbsp; [&hellip;]","_links":{"self":[{"href":"https:\/\/bts6.louisst.o2switch.site\/WP-Minou\/wp-json\/wp\/v2\/pages\/36","targetHints":{"allow":["GET"]}}],"collection":[{"href":"https:\/\/bts6.louisst.o2switch.site\/WP-Minou\/wp-json\/wp\/v2\/pages"}],"about":[{"href":"https:\/\/bts6.louisst.o2switch.site\/WP-Minou\/wp-json\/wp\/v2\/types\/page"}],"author":[{"embeddable":true,"href":"https:\/\/bts6.louisst.o2switch.site\/WP-Minou\/wp-json\/wp\/v2\/users\/1"}],"replies":[{"embeddable":true,"href":"https:\/\/bts6.louisst.o2switch.site\/WP-Minou\/wp-json\/wp\/v2\/comments?post=36"}],"version-history":[{"count":4,"href":"https:\/\/bts6.louisst.o2switch.site\/WP-Minou\/wp-json\/wp\/v2\/pages\/36\/revisions"}],"predecessor-version":[{"id":208,"href":"https:\/\/bts6.louisst.o2switch.site\/WP-Minou\/wp-json\/wp\/v2\/pages\/36\/revisions\/208"}],"up":[{"embeddable":true,"href":"https:\/\/bts6.louisst.o2switch.site\/WP-Minou\/wp-json\/wp\/v2\/pages\/183"}],"wp:attachment":[{"href":"https:\/\/bts6.louisst.o2switch.site\/WP-Minou\/wp-json\/wp\/v2\/media?parent=36"}],"curies":[{"name":"wp","href":"https:\/\/api.w.org\/{rel}","templated":true}]}}